{"id":1075,"date":"2023-12-29T12:05:16","date_gmt":"2023-12-29T08:05:16","guid":{"rendered":"https:\/\/goldenvisauae.com\/greecegoldenvisa-com\/"},"modified":"2024-02-10T00:25:56","modified_gmt":"2024-02-09T20:25:56","slug":"greecegoldenvisa-com","status":"publish","type":"page","link":"https:\/\/goldenvisauae.com\/tr\/","title":{"rendered":"GoldenVisaUAE.com"},"content":{"rendered":"","protected":false},"excerpt":{"rendered":"","protected":false},"author":1,"featured_media":0,"parent":0,"menu_order":0,"comment_status":"closed","ping_status":"closed","template":"template-home.php","meta":{"_acf_changed":false,"inline_featured_image":false,"footnotes":""},"class_list":["post-1075","page","type-page","status-publish","hentry"],"acf":[],"yoast_head":"<!-- This site is optimized with the Yoast SEO Premium plugin v23.0 (Yoast SEO v23.0) - https:\/\/yoast.com\/wordpress\/plugins\/seo\/ -->\n<title>BAE Alt\u0131n Vize | GoldenVisaUAE.com<\/title>\n<meta name=\"description\" content=\"BAE Alt\u0131n Vize rehberiniz. Se\u00e7enekler, avantajlar ve ba\u015fvuru s\u00fcreci hakk\u0131nda bilgi al\u0131n.\" \/>\n<meta name=\"robots\" content=\"index, follow, max-snippet:-1, max-image-preview:large, max-video-preview:-1\" \/>\n<link rel=\"canonical\" href=\"https:\/\/goldenvisauae.com\/tr\/\" \/>\n<meta property=\"og:locale\" content=\"tr_TR\" \/>\n<meta property=\"og:type\" content=\"article\" \/>\n<meta property=\"og:title\" content=\"BAE Alt\u0131n Vize\" \/>\n<meta property=\"og:description\" content=\"BAE Alt\u0131n Vize rehberiniz. Se\u00e7enekler, avantajlar ve ba\u015fvuru s\u00fcreci hakk\u0131nda bilgi al\u0131n.\" \/>\n<meta property=\"og:url\" content=\"https:\/\/goldenvisauae.com\/tr\/\" \/>\n<meta property=\"og:site_name\" content=\"GoldenVisaUAE.com\" \/>\n<meta property=\"article:modified_time\" content=\"2024-02-09T20:25:56+00:00\" \/>\n<meta name=\"twitter:card\" content=\"summary_large_image\" \/>\n<meta name=\"twitter:title\" content=\"GoldenVisaUAE.com\" \/>\n<script type=\"application\/ld+json\" class=\"yoast-schema-graph\">{\"@context\":\"https:\/\/schema.org\",\"@graph\":[{\"@type\":\"WebPage\",\"@id\":\"https:\/\/goldenvisauae.com\/tr\/\",\"url\":\"https:\/\/goldenvisauae.com\/tr\/\",\"name\":\"BAE Alt\u0131n Vize | GoldenVisaUAE.com\",\"isPartOf\":{\"@id\":\"https:\/\/goldenvisauae.com\/#website\"},\"datePublished\":\"2023-12-29T08:05:16+00:00\",\"dateModified\":\"2024-02-09T20:25:56+00:00\",\"description\":\"BAE Alt\u0131n Vize rehberiniz. Se\u00e7enekler, avantajlar ve ba\u015fvuru s\u00fcreci hakk\u0131nda bilgi al\u0131n.\",\"breadcrumb\":{\"@id\":\"https:\/\/goldenvisauae.com\/tr\/#breadcrumb\"},\"inLanguage\":\"tr\",\"potentialAction\":[{\"@type\":\"ReadAction\",\"target\":[\"https:\/\/goldenvisauae.com\/tr\/\"]}]},{\"@type\":\"BreadcrumbList\",\"@id\":\"https:\/\/goldenvisauae.com\/tr\/#breadcrumb\",\"itemListElement\":[{\"@type\":\"ListItem\",\"position\":1,\"name\":\"Home\",\"item\":\"https:\/\/goldenvisauae.com\/tr\/\"},{\"@type\":\"ListItem\",\"position\":2,\"name\":\"GoldenVisaUAE.com\"}]},{\"@type\":\"WebSite\",\"@id\":\"https:\/\/goldenvisauae.com\/#website\",\"url\":\"https:\/\/goldenvisauae.com\/\",\"name\":\"Golden Visa UAE\",\"description\":\"\",\"publisher\":{\"@id\":\"https:\/\/goldenvisauae.com\/#organization\"},\"potentialAction\":[{\"@type\":\"SearchAction\",\"target\":{\"@type\":\"EntryPoint\",\"urlTemplate\":\"https:\/\/goldenvisauae.com\/?s={search_term_string}\"},\"query-input\":\"required name=search_term_string\"}],\"inLanguage\":\"tr\"},{\"@type\":\"Organization\",\"@id\":\"https:\/\/goldenvisauae.com\/#organization\",\"name\":\"Golden Visa UAE\",\"url\":\"https:\/\/goldenvisauae.com\/\",\"logo\":{\"@type\":\"ImageObject\",\"inLanguage\":\"tr\",\"@id\":\"https:\/\/goldenvisauae.com\/#\/schema\/logo\/image\/\",\"url\":\"https:\/\/mav.uaegoldenvisa.com\/wp-content\/uploads\/2024\/01\/logo.svg\",\"contentUrl\":\"https:\/\/mav.uaegoldenvisa.com\/wp-content\/uploads\/2024\/01\/logo.svg\",\"width\":201,\"height\":47,\"caption\":\"Golden Visa UAE\"},\"image\":{\"@id\":\"https:\/\/goldenvisauae.com\/#\/schema\/logo\/image\/\"}}]}<\/script>\n<!-- \/ Yoast SEO Premium plugin. -->","yoast_head_json":{"title":"BAE Alt\u0131n Vize | GoldenVisaUAE.com","description":"BAE Alt\u0131n Vize rehberiniz. Se\u00e7enekler, avantajlar ve ba\u015fvuru s\u00fcreci hakk\u0131nda bilgi al\u0131n.","robots":{"index":"index","follow":"follow","max-snippet":"max-snippet:-1","max-image-preview":"max-image-preview:large","max-video-preview":"max-video-preview:-1"},"canonical":"https:\/\/goldenvisauae.com\/tr\/","og_locale":"tr_TR","og_type":"article","og_title":"BAE Alt\u0131n Vize","og_description":"BAE Alt\u0131n Vize rehberiniz. Se\u00e7enekler, avantajlar ve ba\u015fvuru s\u00fcreci hakk\u0131nda bilgi al\u0131n.","og_url":"https:\/\/goldenvisauae.com\/tr\/","og_site_name":"GoldenVisaUAE.com","article_modified_time":"2024-02-09T20:25:56+00:00","twitter_card":"summary_large_image","twitter_title":"GoldenVisaUAE.com","schema":{"@context":"https:\/\/schema.org","@graph":[{"@type":"WebPage","@id":"https:\/\/goldenvisauae.com\/tr\/","url":"https:\/\/goldenvisauae.com\/tr\/","name":"BAE Alt\u0131n Vize | GoldenVisaUAE.com","isPartOf":{"@id":"https:\/\/goldenvisauae.com\/#website"},"datePublished":"2023-12-29T08:05:16+00:00","dateModified":"2024-02-09T20:25:56+00:00","description":"BAE Alt\u0131n Vize rehberiniz. Se\u00e7enekler, avantajlar ve ba\u015fvuru s\u00fcreci hakk\u0131nda bilgi al\u0131n.","breadcrumb":{"@id":"https:\/\/goldenvisauae.com\/tr\/#breadcrumb"},"inLanguage":"tr","potentialAction":[{"@type":"ReadAction","target":["https:\/\/goldenvisauae.com\/tr\/"]}]},{"@type":"BreadcrumbList","@id":"https:\/\/goldenvisauae.com\/tr\/#breadcrumb","itemListElement":[{"@type":"ListItem","position":1,"name":"Home","item":"https:\/\/goldenvisauae.com\/tr\/"},{"@type":"ListItem","position":2,"name":"GoldenVisaUAE.com"}]},{"@type":"WebSite","@id":"https:\/\/goldenvisauae.com\/#website","url":"https:\/\/goldenvisauae.com\/","name":"Golden Visa UAE","description":"","publisher":{"@id":"https:\/\/goldenvisauae.com\/#organization"},"potentialAction":[{"@type":"SearchAction","target":{"@type":"EntryPoint","urlTemplate":"https:\/\/goldenvisauae.com\/?s={search_term_string}"},"query-input":"required name=search_term_string"}],"inLanguage":"tr"},{"@type":"Organization","@id":"https:\/\/goldenvisauae.com\/#organization","name":"Golden Visa UAE","url":"https:\/\/goldenvisauae.com\/","logo":{"@type":"ImageObject","inLanguage":"tr","@id":"https:\/\/goldenvisauae.com\/#\/schema\/logo\/image\/","url":"https:\/\/mav.uaegoldenvisa.com\/wp-content\/uploads\/2024\/01\/logo.svg","contentUrl":"https:\/\/mav.uaegoldenvisa.com\/wp-content\/uploads\/2024\/01\/logo.svg","width":201,"height":47,"caption":"Golden Visa UAE"},"image":{"@id":"https:\/\/goldenvisauae.com\/#\/schema\/logo\/image\/"}}]}},"_links":{"self":[{"href":"https:\/\/goldenvisauae.com\/tr\/wp-json\/wp\/v2\/pages\/1075"}],"collection":[{"href":"https:\/\/goldenvisauae.com\/tr\/wp-json\/wp\/v2\/pages"}],"about":[{"href":"https:\/\/goldenvisauae.com\/tr\/wp-json\/wp\/v2\/types\/page"}],"author":[{"embeddable":true,"href":"https:\/\/goldenvisauae.com\/tr\/wp-json\/wp\/v2\/users\/1"}],"replies":[{"embeddable":true,"href":"https:\/\/goldenvisauae.com\/tr\/wp-json\/wp\/v2\/comments?post=1075"}],"version-history":[{"count":4,"href":"https:\/\/goldenvisauae.com\/tr\/wp-json\/wp\/v2\/pages\/1075\/revisions"}],"predecessor-version":[{"id":1116,"href":"https:\/\/goldenvisauae.com\/tr\/wp-json\/wp\/v2\/pages\/1075\/revisions\/1116"}],"wp:attachment":[{"href":"https:\/\/goldenvisauae.com\/tr\/wp-json\/wp\/v2\/media?parent=1075"}],"curies":[{"name":"wp","href":"https:\/\/api.w.org\/{rel}","templated":true}]}}